{"id":675,"date":"2026-04-14T12:43:38","date_gmt":"2026-04-14T11:43:38","guid":{"rendered":"https:\/\/www.kanzleidorfi.at\/accessibility-statement\/"},"modified":"2026-04-14T12:50:51","modified_gmt":"2026-04-14T11:50:51","slug":"barrierefreiheit","status":"publish","type":"page","link":"https:\/\/www.kanzleidorfi.at\/en\/barrierefreiheit\/","title":{"rendered":"Accessibility"},"content":{"rendered":"<div data-elementor-type=\"wp-page\" data-elementor-id=\"675\" class=\"elementor elementor-675\" data-elementor-post-type=\"page\">\n\t\t\t\t<div class=\"elementor-element elementor-element-7da51c46 e-flex e-con-boxed e-con e-parent\" data-id=\"7da51c46\" data-element_type=\"container\" data-e-type=\"container\">\n\t\t\t\t\t<div class=\"e-con-inner\">\n\t\t\t\t<div class=\"elementor-element elementor-element-af0d85d elementor-widget elementor-widget-heading\" data-id=\"af0d85d\" data-element_type=\"widget\" data-e-type=\"widget\" data-widget_type=\"heading.default\">\n\t\t\t\t\t<h2 class=\"elementor-heading-title elementor-size-default\">Accessibility<\/h2>\t\t\t\t<\/div>\n\t\t\t\t<div class=\"elementor-element elementor-element-1d8e0dc2 elementor-widget elementor-widget-text-editor\" data-id=\"1d8e0dc2\" data-element_type=\"widget\" data-e-type=\"widget\" data-widget_type=\"text-editor.default\">\n\t\t\t\t\t\t\t\t\t<p class=\"p1\"><b>Erkl\u00e4rung zur Barrierefreiheit f\u00fcr www.kanzleidorfi.at<\/b><b><\/b><\/p>\n<p class=\"p3\">Mag. Katharina Dorfi ist bestrebt, die digitale Barrierefreiheit f\u00fcr Menschen mit Behinderungen sicherzustellen. Wir arbeiten kontinuierlich daran, die Benutzerfreundlichkeit f\u00fcr alle zu verbessern und die entsprechenden Barrierefreiheitsstandards anzuwenden.<\/p>\n<p class=\"p1\"><b>Konformit\u00e4tsstatus<\/b><b><\/b><\/p>\n<p class=\"p3\">Die Web Content Accessibility Guidelines (WCAG) definieren Anforderungen f\u00fcr Designer und Entwickler, um die Barrierefreiheit f\u00fcr Menschen mit Behinderungen zu verbessern. Sie unterscheiden drei Konformit\u00e4tsstufen: Stufe A, Stufe AA und Stufe AAA.<\/p>\n<p class=\"p3\">Mag. Katharina Dorfi unternimmt laufend Anstrengungen, die Barrierefreiheit ihrer Website und Dienstleistungen zu verbessern \u2013 in dem Bewusstsein, dass es unsere gemeinsame moralische Verpflichtung ist, Menschen mit Behinderungen eine nahtlose, barrierefreie und uneingeschr\u00e4nkte Nutzung zu erm\u00f6glichen.<\/p>\n<p class=\"p3\">Wir sind bem\u00fcht, alle Seiten und Inhalte auf www.kanzleidorfi.at barrierefrei zug\u00e4nglich zu machen. Es kann jedoch vorkommen, dass einige Inhalte noch nicht vollst\u00e4ndig den h\u00f6chsten Barrierefreiheitsstandards entsprechen. Dies kann auf Herausforderungen bei der Identifizierung der jeweils geeignetsten technischen L\u00f6sung zur\u00fcckzuf\u00fchren sein.<\/p>\n<p class=\"p3\">Diese Erkl\u00e4rung kann regelm\u00e4\u00dfig \u00fcberarbeitet werden, um Verbesserungen oder \u00c4nderungen unserer Barrierefreiheitsma\u00dfnahmen zu ber\u00fccksichtigen.<\/p>\n<p class=\"p1\"><b>Feedback<\/b><b><\/b><\/p>\n<p class=\"p3\">Wir freuen uns \u00fcber Ihr Feedback zur Barrierefreiheit der Website von Mag. Katharina Dorfi. Bitte informieren Sie uns, wenn Sie auf Barrieren sto\u00dfen:<\/p>\n<p class=\"p3\">E-Mail: office@kanzleidorfi.at<\/p>\n<p class=\"p3\">Wir bem\u00fchen uns, R\u00fcckmeldungen innerhalb von 3\u20135 Werktagen zu beantworten.<\/p>\n<p class=\"p3\">Diese Erkl\u00e4rung wurde am 14.04.2026 erstellt.<\/p>\n<!-- \/wp:paragraph -->\t\t\t\t\t\t\t\t<\/div>\n\t\t\t\t\t<\/div>\n\t\t\t\t<\/div>\n\t\t\t\t<\/div>","protected":false},"excerpt":{"rendered":"<p>Barrierefreiheit Erkl\u00e4rung zur Barrierefreiheit f\u00fcr www.kanzleidorfi.at Mag. Katharina Dorfi ist bestrebt, die digitale Barrierefreiheit f\u00fcr Menschen mit Behinderungen sicherzustellen. Wir arbeiten kontinuierlich daran, die Benutzerfreundlichkeit f\u00fcr alle zu verbessern und die entsprechenden Barrierefreiheitsstandards anzuwenden. Konformit\u00e4tsstatus Die Web Content Accessibility Guidelines (WCAG) definieren Anforderungen f\u00fcr Designer und Entwickler, um die Barrierefreiheit f\u00fcr Menschen mit Behinderungen zu [&hellip;]<\/p>\n","protected":false},"author":1,"featured_media":0,"parent":0,"menu_order":0,"comment_status":"closed","ping_status":"closed","template":"","meta":{"iawp_total_views":1,"footnotes":""},"class_list":["post-675","page","type-page","status-publish","hentry"],"blocksy_meta":[],"_links":{"self":[{"href":"https:\/\/www.kanzleidorfi.at\/en\/wp-json\/wp\/v2\/pages\/675","targetHints":{"allow":["GET"]}}],"collection":[{"href":"https:\/\/www.kanzleidorfi.at\/en\/wp-json\/wp\/v2\/pages"}],"about":[{"href":"https:\/\/www.kanzleidorfi.at\/en\/wp-json\/wp\/v2\/types\/page"}],"author":[{"embeddable":true,"href":"https:\/\/www.kanzleidorfi.at\/en\/wp-json\/wp\/v2\/users\/1"}],"replies":[{"embeddable":true,"href":"https:\/\/www.kanzleidorfi.at\/en\/wp-json\/wp\/v2\/comments?post=675"}],"version-history":[{"count":13,"href":"https:\/\/www.kanzleidorfi.at\/en\/wp-json\/wp\/v2\/pages\/675\/revisions"}],"predecessor-version":[{"id":688,"href":"https:\/\/www.kanzleidorfi.at\/en\/wp-json\/wp\/v2\/pages\/675\/revisions\/688"}],"wp:attachment":[{"href":"https:\/\/www.kanzleidorfi.at\/en\/wp-json\/wp\/v2\/media?parent=675"}],"curies":[{"name":"wp","href":"https:\/\/api.w.org\/{rel}","templated":true}]}}