{"id":471,"date":"2026-03-26T13:41:26","date_gmt":"2026-03-26T12:41:26","guid":{"rendered":"https:\/\/www.kanzleidorfi.at\/?page_id=471"},"modified":"2026-04-01T09:58:13","modified_gmt":"2026-04-01T08:58:13","slug":"impressum","status":"publish","type":"page","link":"https:\/\/www.kanzleidorfi.at\/en\/impressum\/","title":{"rendered":"Imprint"},"content":{"rendered":"<div data-elementor-type=\"wp-page\" data-elementor-id=\"471\" class=\"elementor elementor-471\" data-elementor-post-type=\"page\">\n\t\t\t\t<div class=\"elementor-element elementor-element-4da2a2b e-flex e-con-boxed e-con e-parent\" data-id=\"4da2a2b\" data-element_type=\"container\" data-e-type=\"container\">\n\t\t\t\t\t<div class=\"e-con-inner\">\n\t\t\t\t<div class=\"elementor-element elementor-element-5796cb8 elementor-widget elementor-widget-heading\" data-id=\"5796cb8\" data-element_type=\"widget\" data-e-type=\"widget\" data-widget_type=\"heading.default\">\n\t\t\t\t\t<h2 class=\"elementor-heading-title elementor-size-default\">Imprint<\/h2>\t\t\t\t<\/div>\n\t\t\t\t<div class=\"elementor-element elementor-element-59c083e elementor-widget elementor-widget-text-editor\" data-id=\"59c083e\" data-element_type=\"widget\" data-e-type=\"widget\" data-widget_type=\"text-editor.default\">\n\t\t\t\t\t\t\t\t\t<p><strong>Offenlegung gem\u00e4\u00df \u00a7 5 ECG und gem\u00e4\u00df \u00a7 25 Mediengesetz:<\/strong><\/p><p>Mag . Katharina Dorfi<br \/>Rechtsanw\u00e4ltin<br \/>Opernring 7\/19<br \/>1010 Wien<br \/>+43 678 7827403<br \/><a href=\"mailto:office@kanzlei-gross.at\">office@kanzleidorfi.at<\/a><br \/><a href=\"https:\/\/www.kanzleidorfi.at\/en\/\">www.kanzleidorfi.at<\/a><\/p><p>Anwaltscode: R133353<br \/>Bankverbindung: IBAN: AT87 2011 1827 1960 3502; BIC: GIBAATWWXXX<br \/>UID: ATU80192328<\/p><p><strong>Kammerzugeh\u00f6rigkeit:<\/strong><\/p><p>Mag. Katharina Dorfi ist selbstst\u00e4ndige Rechtsanw\u00e4ltin nach \u00f6sterreichischem Recht und unterliegt dem Standesrecht f\u00fcr Rechtsanw\u00e4lte unter Aufsicht der Rechtsanwaltskammer Wien.<br \/>Die einschl\u00e4gigen Rechtsvorschriften (insbesondere RAO und RL-BA) sind abrufbar unter\u00a0<a href=\"http:\/\/www.oerak.at\/\" target=\"_blank\" rel=\"noopener\">www.oerak.at<\/a>,\u00a0<a href=\"http:\/\/www.ris.bka.gv.at\/bundesrecht\" target=\"_blank\" rel=\"noopener\">www.ris.bka.gv.at\/bundesrecht<\/a>.<\/p><p><strong>Offenlegung gem\u00e4\u00df \u00a7 25 Abs. 4 Mediengesetz:<\/strong><\/p><p>Diese Webseite dient der Information \u00fcber Rechtsanw\u00e4ltin Mag. Katharina Dorfi. Die Webseite ist ein Kommunikationsmedium und richtet sich an Klienten und sonstige an Rechtsfragen interessierte Personen.<\/p><p><strong>Urheberrecht:<\/strong><\/p><p>Diese Webseite, deren Layout und die verwendeten Grafiken und Bilder stehen unter urheberrechtlichem Schutz. Jede Verwendung durch Dritte bedarf der vorherigen schriftlichen Zustimmung von Frau Mag. Katharina Dorfi.<\/p><p>Copyright Lichtbilder: Mag. Katharina Dorfi<\/p><p><strong>Datenschutz:<br \/><\/strong><\/p><p>Wir setzen Google Analytics ein. Dies ist ein Webanalyse-Tool, mit dessen Hilfe Website-Inhaber die Interaktion der Besucher analysieren k\u00f6nnen. Diese von Google Analytics erfassten Informationen sind anonym. Es werden hierbei nur Website-Trends ermittelt. Der einzelne Besucher bleibt dabei unerkannt.<\/p><p>Die\u00a0<a class=\"external-link-new-window\" href=\"http:\/\/www.google.com\/intl\/de\/policies\/privacy\/\" target=\"_blank\" rel=\"noopener\" data-htmlarea-external=\"1\" data-title=\"Datenschutzbestimmungen von Google\">Datenschutzbestimmungen von Google<\/a>\u00a0beschreiben, was mit pers\u00f6nlichen Informationen geschieht, wenn Sie Google-Produkte und -Services wie Google Analytics nutzen. Google Analytics nutzt wie viele andere Services zum Analysieren von Besucherinteraktionen \u201eFirst-Party\u201c-<a class=\"external-link-new-window\" href=\"http:\/\/www.google.com\/intl\/de\/policies\/privacy\/key-terms\/#toc-terms-cookie\" target=\"_blank\" rel=\"noopener\" data-htmlarea-external=\"1\" data-title=\"Was sind Cookies?\">Cookies<\/a>. Mit diesen Cookies werden Informationen gespeichert.<\/p><div>Das Deaktivierungs-Add-on f\u00fcr Browser von Google Analytics gibt dem Website-Besucher mehr Kontrolle dar\u00fcber, welche Daten zu aufgerufenen Websites von Google Analytics erfasst werden. Das Add-on teilt dem JavaScript (ga.js) von Google Analytics mit, dass keine Informationen zum Website-Besuch an Google Analytics \u00fcbermittelt werden sollen.<\/div><div>Das Deaktivierungs-Add-on f\u00fcr Browser von Google Analytics verhindert nicht, dass Informationen an die Website oder an andere Webanalyse-Services \u00fcbermittelt werden.<\/div><p>Mit der entsprechenden Einstellung Ihres Web-Browsers stimmen Sie der Verwendung von Cookies und der Verwendung von Google Analytics ausdr\u00fccklich zu.<\/p><p><a class=\"external-link-new-window\" href=\"https:\/\/tools.google.com\/dlpage\/gaoptout?hl=de\" target=\"_blank\" rel=\"noopener\" data-htmlarea-external=\"1\" data-title=\"Browser-Add-on zur Deaktivierung von Google Analytics\">Weitere Informationen zum Deaktivierungs-Add-on f\u00fcr Browser von Google Analytics<\/a><\/p><p>Wir weisen Sie darauf hin, dass auf dieser Website Google Analytics um den Code \u201eanonymizeIp\u201c erweitert wurde, um eine anonymisierte Erfassung von IP-Adressen (sog. IP-Masking) zu gew\u00e4hrleisten.<\/p><p><strong>Disclaimer:<\/strong><\/p><p>Jegliche Haftung und jegliches Gew\u00e4hr, welches auch immer, bez\u00fcglich dem Inhalt, der Richtigkeit und der Aktualit\u00e4t dieser Angaben bzw. Inhalte, ist ausgeschlossen.<\/p><p><strong>Rechtliche Hinweise:<\/strong><\/p><p>Alle Rechte vorbehalten. Unentgeltliche Weitergabe und Vervielf\u00e4ltigung zu Informationszwecken sind unter Bedachtnahme auf den Disclaimer ausdr\u00fccklich gestattet.<\/p>\t\t\t\t\t\t\t\t<\/div>\n\t\t\t\t\t<\/div>\n\t\t\t\t<\/div>\n\t\t\t\t<\/div>","protected":false},"excerpt":{"rendered":"<p>Impressum Offenlegung gem\u00e4\u00df \u00a7 5 ECG und gem\u00e4\u00df \u00a7 25 Mediengesetz: Mag . Katharina DorfiRechtsanw\u00e4ltinOpernring 7\/191010 Wien+43 678 7827403office@kanzleidorfi.atwww.kanzleidorfi.at Anwaltscode: R133353Bankverbindung: IBAN: AT87 2011 1827 1960 3502; BIC: GIBAATWWXXXUID: ATU80192328 Kammerzugeh\u00f6rigkeit: Mag. Katharina Dorfi ist selbstst\u00e4ndige Rechtsanw\u00e4ltin nach \u00f6sterreichischem Recht und unterliegt dem Standesrecht f\u00fcr Rechtsanw\u00e4lte unter Aufsicht der Rechtsanwaltskammer Wien.Die einschl\u00e4gigen Rechtsvorschriften (insbesondere RAO [&hellip;]<\/p>\n","protected":false},"author":1,"featured_media":0,"parent":0,"menu_order":0,"comment_status":"closed","ping_status":"closed","template":"","meta":{"iawp_total_views":2,"footnotes":""},"class_list":["post-471","page","type-page","status-publish","hentry"],"blocksy_meta":[],"_links":{"self":[{"href":"https:\/\/www.kanzleidorfi.at\/en\/wp-json\/wp\/v2\/pages\/471","targetHints":{"allow":["GET"]}}],"collection":[{"href":"https:\/\/www.kanzleidorfi.at\/en\/wp-json\/wp\/v2\/pages"}],"about":[{"href":"https:\/\/www.kanzleidorfi.at\/en\/wp-json\/wp\/v2\/types\/page"}],"author":[{"embeddable":true,"href":"https:\/\/www.kanzleidorfi.at\/en\/wp-json\/wp\/v2\/users\/1"}],"replies":[{"embeddable":true,"href":"https:\/\/www.kanzleidorfi.at\/en\/wp-json\/wp\/v2\/comments?post=471"}],"version-history":[{"count":4,"href":"https:\/\/www.kanzleidorfi.at\/en\/wp-json\/wp\/v2\/pages\/471\/revisions"}],"predecessor-version":[{"id":533,"href":"https:\/\/www.kanzleidorfi.at\/en\/wp-json\/wp\/v2\/pages\/471\/revisions\/533"}],"wp:attachment":[{"href":"https:\/\/www.kanzleidorfi.at\/en\/wp-json\/wp\/v2\/media?parent=471"}],"curies":[{"name":"wp","href":"https:\/\/api.w.org\/{rel}","templated":true}]}}