{"id":3,"date":"2026-02-08T16:50:42","date_gmt":"2026-02-08T16:50:42","guid":{"rendered":"https:\/\/www.kanzleidorfi.at\/?page_id=3"},"modified":"2026-04-07T13:39:48","modified_gmt":"2026-04-07T12:39:48","slug":"datenschutz","status":"publish","type":"page","link":"https:\/\/www.kanzleidorfi.at\/en\/datenschutz\/","title":{"rendered":"Privacy Policy"},"content":{"rendered":"<div data-elementor-type=\"wp-page\" data-elementor-id=\"3\" class=\"elementor elementor-3\" data-elementor-post-type=\"page\">\n\t\t\t\t<div class=\"elementor-element elementor-element-5b71e039 e-flex e-con-boxed e-con e-parent\" data-id=\"5b71e039\" data-element_type=\"container\" data-e-type=\"container\">\n\t\t\t\t\t<div class=\"e-con-inner\">\n\t\t\t\t<div class=\"elementor-element elementor-element-19680dd elementor-widget elementor-widget-heading\" data-id=\"19680dd\" data-element_type=\"widget\" data-e-type=\"widget\" data-widget_type=\"heading.default\">\n\t\t\t\t\t<h2 class=\"elementor-heading-title elementor-size-default\">Privacy Policy<\/h2>\t\t\t\t<\/div>\n\t\t\t\t<div class=\"elementor-element elementor-element-1c8d6a56 elementor-widget elementor-widget-text-editor\" data-id=\"1c8d6a56\" data-element_type=\"widget\" data-e-type=\"widget\" data-widget_type=\"text-editor.default\">\n\t\t\t\t\t\t\t\t\t\n<h4 class=\"wp-block-heading\">Diese Datenschutzerkl\u00e4rung dient dazu, Ihnen gem\u00e4\u00df den Vorgaben der Datenschutz-Grundverordnung (DSGVO) zu erkl\u00e4ren, welche Informationen ich sammle, wie ich Daten verwende und welche Entscheidungsm\u00f6glichkeiten Sie als Besucher dieser Webseite haben.<\/h4>\n\n\n\n<p><strong>Kontaktdaten des Verantwortlichen<\/strong><\/p>\n\n\n\n<p>Der Verantwortliche im Sinne der Datenschutz-Grundverordnung und anderer nationaler Datenschutzgesetze der Mitgliedsstaaten sowie sonstiger datenschutzrechtlicher Bestimmungen ist:<\/p>\n\n\n\n<p>Mag. Katharina Dorfi<br>Plankengasse 2<br>1010 Wien<\/p>\n\n\n\n<p><strong>Personenbezogene Daten<\/strong><\/p>\n\n\n\n<p>Ich, Mag. Katharina Dorfi erhebe, verarbeite und nutze personenbezogenen Daten nur mit Einwilligung bzw. Mandatierung oder Bestellung zu den vereinbarten Zwecken oder wenn eine sonstige rechtliche Grundlage im Einklang mit der DSGVO vorliegt; dies unter Einhaltung der datenschutz- und zivilrechtlichen Bestimmungen.<\/p>\n\n\n\n<p>Es werden nur solche personenbezogene Daten erhoben, die f\u00fcr die Durchf\u00fchrung und Abwicklung unserer rechtsanwaltlichen Leistungen erforderlich sind oder die Sie mir freiwillig zur Verf\u00fcgung gestellt haben.<\/p>\n\n\n\n<p>Personenbezogene Daten sind alle Daten, die Einzelangaben \u00fcber pers\u00f6nliche oder sachliche Verh\u00e4ltnisse enthalten, beispielsweise Name, Anschrift, E-Mail-Adresse, Telefonnummer, Geburtsdatum, Alter, Geschlecht, Sozialversicherungsnummer, Videoaufzeichnungen, Fotos, Stimmaufnahmen von Personen sowie biometrische Daten wie etwa Fingerabdr\u00fccke. Auch sensible Daten, wie Gesundheitsdaten oder Daten im Zusammenhang mit einem Strafverfahren k\u00f6nnen mitumfasst sein.<\/p>\n\n\n\n<p><strong>Zweck der Verarbeitung<\/strong><\/p>\n\n\n\n<p>\u2013 Zurverf\u00fcgungstellung des Onlineangebotes, seiner Funktionen und Inhalte.<br>\u2013 Beantwortung von Kontaktanfragen und Kommunikation mit Nutzern.<br>\u2013 Sicherheitsma\u00dfnahmen.<br>\u2013 Reichweitenmessung\/Marketing.<\/p>\n\n\n\n<p><strong>Zusammenarbeit mit Auftragsverarbeitern und Dritten<\/strong><\/p>\n\n\n\n<p>Sofern ich im Rahmen meiner Verarbeitung Daten gegen\u00fcber anderen Personen und Unternehmen (Auftragsverarbeitern oder Dritten) offenbare, sie an diese \u00fcbermittle oder ihnen sonst Zugriff auf die Daten gew\u00e4hre, erfolgt dies nur auf Grundlage einer gesetzlichen Erlaubnis (z.B. wenn eine \u00dcbermittlung der Daten an Dritte, wie an Zahlungsdienstleister, gem. Art. 6 Abs. 1 lit. b DSGVO zur Vertragserf\u00fcllung erforderlich ist), Sie eingewilligt haben, eine rechtliche Verpflichtung dies vorsieht oder auf Grundlage unserer berechtigten Interessen (z.B. beim Einsatz von Beauftragten, Webhostern, etc.).<\/p>\n\n\n\n<p>Sofern ich Dritte mit der Verarbeitung von Daten auf Grundlage eines sog. \u201eAuftragsverarbeitungsvertrages\u201c beauftrage, geschieht dies auf Grundlage des Art. 28 DSGVO.<\/p>\n\n\n\n<p><strong>Automatische Datenspeicherung<\/strong><\/p>\n\n\n\n<p>Wenn Sie heutzutage Webseiten besuchen, werden gewisse Informationen automatisch erstellt und gespeichert, so auch auf dieser Webseite.<\/p>\n\n\n\n<p>Wenn Sie meine Webseite so wie jetzt gerade besuchen, speichert mein Webserver (Computer auf dem diese Webseite gespeichert ist) automatisch Daten wie die IP-Adresse Ihres Ger\u00e4tes, die Adressen der besuchten Unterseiten, Details zu Ihrem Browser (z.B. Chrome, Firefox, Edge,\u2026) und Datum sowie Uhrzeit. Ich nutze diese Daten nicht und gebe Sie in der Regel nicht weiter, kann jedoch nicht ausschlie\u00dfen, dass diese Daten beim Vorliegen von rechtswidrigem Verhalten eingesehen werden.<\/p>\n\n\n\n<p><strong>Speicherung pers\u00f6nlicher Daten<\/strong><\/p>\n\n\n\n<p>Pers\u00f6nliche Daten, die Sie mir auf dieser Website elektronisch \u00fcbermitteln, wie zum Beispiel Name, E-Mail-Adresse, Adresse oder andere pers\u00f6nlichen Angaben im Rahmen der \u00dcbermittlung eines Formulars oder Kommentaren im Blog, werden von mir gemeinsam mit dem Zeitpunkt und der IP-Adresse nur zum jeweils angegebenen Zweck verwendet, sicher verwahrt und nicht an Dritte weitergegeben.<\/p>\n\n\n\n<p>Ich nutze Ihre pers\u00f6nlichen Daten somit nur f\u00fcr die Kommunikation mit jenen Besuchern, die Kontakt ausdr\u00fccklich w\u00fcnschen und f\u00fcr die Abwicklung der auf dieser Webseite angebotenen Dienstleistungen und Produkte. Ich gebe Ihre pers\u00f6nlichen Daten ohne Zustimmung nicht weiter, kann jedoch nicht ausschlie\u00dfen, dass diese Daten beim Vorliegen von rechtswidrigem Verhalten eingesehen werden.<\/p>\n\n\n\n<p>Wenn Sie mir pers\u00f6nliche Daten per E-Mail schicken \u2013 somit abseits dieser Webseite \u2013 kann ich keine sichere \u00dcbertragung und den Schutz Ihrer Daten garantieren. Ich empfehle Ihnen, vertrauliche Daten niemals unverschl\u00fcsselt per E-Mail zu \u00fcbermitteln.<\/p>\n\n\n\n<p><strong>Kontaktaufnahme<\/strong><\/p>\n\n\n\n<p>Bei der Kontaktaufnahme mit mir (z.B. per Kontaktformular, Anfrageformular, E-Mail, Telefon oder via sozialer Medien) werden die Angaben des Nutzers zur Bearbeitung der Kontaktanfrage und deren Abwicklung gem. Art. 6 Abs. 1 lit. b) DSGVO verarbeitet. Die Angaben der Nutzer k\u00f6nnen in einem Customer-Relationship-Management System (\u201eCRM System\u201c) oder vergleichbarer Anfragenorganisation gespeichert werden.<\/p>\n\n\n\n<p>Ich l\u00f6sche die Anfragen, sofern diese nicht mehr erforderlich sind. Ich \u00fcberpr\u00fcfe die Erforderlichkeit mindestens einmal pro Quartal; ferner gelten die gesetzlichen Archivierungspflichten.<\/p>\n\n\n\n<p><strong>Ihre Rechte<\/strong><\/p>\n\n\n\n<p>Als Mandantin oder Mandant bzw generell als Betroffener haben Sie \u2013 unter Wahrung der rechtsanwaltlichen Verschwiegenheitspflicht \u2013 jederzeit das Recht auf Auskunft \u00fcber Ihre gespeicherten personenbezogenen Daten, deren Herkunft und Empf\u00e4nger und den Zweck der Datenverarbeitung sowie ein Recht auf Berichtigung, Daten\u00fcbertragung, Widerspruch, Einschr\u00e4nkung der Bearbeitung sowie Sperrung oder L\u00f6schung unrichtiger bzw unzul\u00e4ssig verarbeiteter Daten.<\/p>\n\n\n\n<p>Insoweit sich \u00c4nderungen Ihrer pers\u00f6nlichen Daten ergeben, ersuche ich um entsprechende Mitteilung.<\/p>\n\n\n\n<p>Sie haben jederzeit das Recht, eine erteilte Einwilligung zur Nutzung Ihrer personenbezogenen Daten zu widerrufen. Ihre Eingabe auf Auskunft, L\u00f6schung, Berichtigung, Widerspruch und\/oder Daten\u00fcbertragung, im letztgenannten Fall, sofern damit nicht ein unverh\u00e4ltnism\u00e4\u00dfiger Aufwand verursacht wird, kann an die im Punkt \u201eKontaktdaten des Verantwortlichen\u201c sowie am Ende dieser Datenschutzerkl\u00e4rung angef\u00fchrte Anschrift meiner Rechtsanwaltskanzlei gerichtet werden.<\/p>\n\n\n\n<p>Wenn Sie der Auffassung sind, dass die Verarbeitung Ihrer personenbezogenen Daten durch mich gegen das geltende Datenschutzrecht verst\u00f6\u00dft oder Ihre datenschutzrechtlichen Anspr\u00fcche in einer anderen Weise verletzt worden sind, besteht die M\u00f6glichkeit, sich bei der zust\u00e4ndigen Aufsichtsbeh\u00f6rde zu beschweren. In \u00d6sterreich zust\u00e4ndig ist hierf\u00fcr die Datenschutzbeh\u00f6rde, deren Webseiten Sie unter&nbsp;<a href=\"https:\/\/www.dsb.gv.at\/\" target=\"_blank\" rel=\"noopener\"><strong>https:\/\/www.dsb.gv.at\/<\/strong><\/a>&nbsp;finden.<\/p>\n\n\n\n<p><strong>L\u00f6schung von Daten<\/strong><\/p>\n\n\n\n<p>Die von mir verarbeiteten Daten werden nach Ma\u00dfgabe der Art. 17 und 18 DSGVO gel\u00f6scht oder in ihrer Verarbeitung eingeschr\u00e4nkt. Sofern nicht im Rahmen dieser Datenschutzerkl\u00e4rung ausdr\u00fccklich angegeben, werden die bei mir gespeicherten Daten gel\u00f6scht, sobald sie f\u00fcr ihre Zweckbestimmung nicht mehr erforderlich sind und der L\u00f6schung keine gesetzlichen Aufbewahrungspflichten entgegenstehen. Sofern die Daten nicht gel\u00f6scht werden, weil sie f\u00fcr andere und gesetzlich zul\u00e4ssige Zwecke erforderlich sind, wird deren Verarbeitung eingeschr\u00e4nkt. D.h. die Daten werden gesperrt und nicht f\u00fcr andere Zwecke verarbeitet. Das gilt z.B. f\u00fcr Daten, die aus handels- oder steuerrechtlichen Gr\u00fcnden aufbewahrt werden m\u00fcssen.<\/p>\n\n\n\n<p><strong>Gesch\u00e4ftsbezogene Verarbeitung<\/strong><\/p>\n\n\n\n<p>Zus\u00e4tzlich verarbeite ich<br>\u2013 Vertragsdaten (z.B., Vertragsgegenstand, Laufzeit, Kundenkategorie).<br>\u2013 Zahlungsdaten (z.B., Bankverbindung, Zahlungshistorie)<br>von meinen Kunden, Interessenten und Gesch\u00e4ftspartnern zwecks Erbringung vertraglicher Leistungen, Service und Kundenpflege, Marketing, Werbung und Marktforschung.<\/p>\n\n\n\n<p><strong>Vertragliche Leistungen<\/strong><\/p>\n\n\n\n<p>Ich verarbeite die Daten meiner Vertragspartner und Interessenten sowie anderer Auftraggeber, Kunden, Mandanten, Klienten oder Vertragspartner (einheitlich bezeichnet als \u201eVertragspartner\u201c) entsprechend Art. 6 Abs. 1 lit. b. DSGVO, um ihnen gegen\u00fcber meine vertraglichen oder vorvertraglichen Leistungen zu erbringen. Die hierbei verarbeiteten Daten, die Art, der Umfang und der Zweck und die Erforderlichkeit ihrer Verarbeitung, bestimmen sich nach dem zugrundeliegenden Vertragsverh\u00e4ltnis.<\/p>\n\n\n\n<p>Zu den verarbeiteten Daten geh\u00f6ren die Stammdaten meiner Vertragspartner (z.B., Namen und Adressen), Kontaktdaten (z.B. E-Mailadressen und Telefonnummern) sowie Vertragsdaten (z.B., in Anspruch genommene Leistungen, Vertragsinhalte, vertragliche Kommunikation, Namen von Kontaktpersonen, Daten des Pfandgegenstandes) und Zahlungsdaten (z.B., Bankverbindungen, Zahlungshistorie).<\/p>\n\n\n\n<p>Besondere Kategorien personenbezogener Daten verarbeite ich grunds\u00e4tzlich nicht, au\u00dfer wenn diese Bestandteile einer beauftragten oder vertragsgem\u00e4\u00dfen Verarbeitung sind.<\/p>\n\n\n\n<p>Ich verarbeite Daten, die zur Begr\u00fcndung und Erf\u00fcllung der vertraglichen Leistungen erforderlich sind und weise auf die Erforderlichkeit ihrer Angabe, sofern diese f\u00fcr die Vertragspartner nicht evident ist, hin. Eine Offenlegung an externe Personen oder Unternehmen erfolgt nur, wenn sie im Rahmen eines Vertrags erforderlich ist. Bei der Verarbeitung der mir im Rahmen eines Auftrags \u00fcberlassenen Daten, handle ich entsprechend den Weisungen der Auftraggeber sowie der gesetzlichen Vorgaben.<\/p>\n\n\n\n<p>Im Rahmen der Inanspruchnahme meiner Onlinedienste, kann ich die IP-Adresse und den Zeitpunkt der jeweiligen Nutzerhandlung speichern. Die Speicherung erfolgt auf Grundlage meiner berechtigten Interessen, als auch der Interessen der Nutzer am Schutz vor Missbrauch und sonstiger unbefugter Nutzung. Eine Weitergabe dieser Daten an Dritte erfolgt grunds\u00e4tzlich nicht, au\u00dfer sie ist zur Verfolgung unserer Anspr\u00fcche gem. Art. 6 Abs. 1 lit. f. DSGVO erforderlich oder es besteht hierzu eine gesetzliche Verpflichtung gem. Art. 6 Abs. 1 lit. c. DSGVO.<\/p>\n\n\n\n<p>Die L\u00f6schung der Daten erfolgt, wenn die Daten zur Erf\u00fcllung vertraglicher oder gesetzlicher F\u00fcrsorgepflichten sowie f\u00fcr den Umgang mit etwaigen Gew\u00e4hrleistungs- und vergleichbaren Pflichten nicht mehr erforderlich sind, wobei die Erforderlichkeit der Aufbewahrung der Daten mindestens einmal pro Quartal \u00fcberpr\u00fcft wird; im \u00dcbrigen gelten die gesetzlichen Aufbewahrungspflichten.<\/p>\n\n\n\n<p><strong>Datensicherheit<\/strong><\/p>\n\n\n\n<p>Der Schutz Ihrer personenbezogenen Daten erfolgt durch entsprechende organisatorische und technische Vorkehrungen. Diese Vorkehrungen betreffen insbesondere den Schutz vor unerlaubtem, rechtswidrigem oder auch zuf\u00e4lligem Zugriff, Verarbeitung, Verlust, Verwendung und Manipulation.<\/p>\n\n\n\n<p>Ungeachtet der Bem\u00fchungen der Einhaltung eines stets angemessenen, hohen Standes der Sorgfaltsanforderungen kann nicht ausgeschlossen werden, dass Informationen, die Sie mir \u00fcber das Internet bekannt geben, von anderen Personen eingesehen und genutzt werden.<\/p>\n\n\n\n<p>Bitte beachten Sie, dass ich keine wie immer geartete Haftung f\u00fcr die Offenlegung von Informationen aufgrund nicht von mir verursachter Fehler bei der Daten\u00fcbertragung und\/oder unautorisiertem Zugriff durch Dritte \u00fcbernehme (zB Hackangriff auf E-Mail-Account bzw Telefon, Abfangen von Faxen).<\/p>\n\n\n\n<p><strong>Verwendung der Daten<\/strong><\/p>\n\n\n\n<p>Ich werde die mir zur Verf\u00fcgung gestellten Daten nicht f\u00fcr andere Zwecke als die durch den Mandatsvertrag oder durch ihre Einwilligung oder sonst durch eine Bestimmung im Einklang mit der DSGVO gedeckten Zwecken verarbeiten. Ausgenommen hiervon ist die Nutzung f\u00fcr statistische Zwecke, sofern die zur Verf\u00fcgung gestellten Daten anonymisiert wurden.<\/p>\n\n\n\n<p><strong>\u00dcbermittlung von Daten an Dritte<\/strong><\/p>\n\n\n\n<p>Zur Erf\u00fcllung Ihres Auftrages ist es m\u00f6glicherweise auch erforderlich, Ihre Daten an Dritte (zB Gegenseite, Substitute, Versicherungen, Dienstleister, derer ich mich bediene und denen ich Daten zur Verf\u00fcgung stelle, etc.) Gerichte oder Beh\u00f6rden, weiterzuleiten. Eine Weiterleitung Ihrer Daten erfolgt ausschlie\u00dflich auf Grundlage der DSGVO, insbesondere zur Erf\u00fcllung Ihres Auftrags oder aufgrund Ihrer vorherigen Einwilligung.<\/p>\n\n\n\n<p>Weiters informiere ich Sie dar\u00fcber, dass im Rahmen meiner rechtsanwaltlichen Vertretung und Betreuung regelm\u00e4\u00dfig auch sachverhalts- und fallbezogene Informationen von Ihnen von dritten Stellen bezogen werden.<\/p>\n\n\n\n<p>Manche der oben genannten Empf\u00e4nger Ihrer personenbezogenen Daten befinden sich au\u00dferhalb Ihres Landes oder verarbeiten dort Ihre personenbezogenen Daten. Das Datenschutzniveau in anderen L\u00e4ndern entspricht unter Umst\u00e4nden nicht dem \u00d6sterreichs. Ich \u00fcbermittle Ihre personenbezogenen Daten jedoch nur in L\u00e4nder, f\u00fcr welche die EU-Kommission entschieden hat, dass sie \u00fcber ein angemessenes Datenschutzniveau verf\u00fcgen oder ich setze Ma\u00dfnahmen, um zu gew\u00e4hrleisten, dass alle Empf\u00e4nger ein angemessenes Datenschutzniveau haben, wozu ich Standardvertragsklauseln (2010\/87\/EC und\/oder 2004\/915\/EC) abschlie\u00dfe.<\/p>\n\n\n\n<p><strong>Bekanntgabe von Datenpannen<\/strong><\/p>\n\n\n\n<p>Ich bin bem\u00fcht, sicherzustellen, dass Datenpannen fr\u00fchzeitig erkannt und gegebenenfalls unverz\u00fcglich Ihnen bzw der zust\u00e4ndigen Aufsichtsbeh\u00f6rde unter Einbezug der jeweiligen Datenkategorien, die betroffen sind, gemeldet werden.<\/p>\n\n\n\n<p><strong>Aufbewahrung der Daten<\/strong><\/p>\n\n\n\n<p>Ich werde Daten nicht l\u00e4nger aufbewahren als dies zur Erf\u00fcllung unserer vertraglichen bzw gesetzlichen Verpflichtungen und zur Abwehr allf\u00e4lliger Haftungsanspr\u00fcche erforderlich ist.<\/p>\n\n\n\n<p><strong>TLS-Verschl\u00fcsselung mit https<\/strong><\/p>\n\n\n\n<p>Ich verwende https um Daten abh\u00f6rsicher im Internet zu \u00fcbertragen. Durch den Einsatz von TLS (Transport Layer Security), einem Verschl\u00fcsselungsprotokoll zur sicheren Daten\u00fcbertragung im Internet kann ich den Schutz vertraulicher Daten sicherstellen. Sie erkennen die Benutzung dieser Absicherung der Daten\u00fcbertragung am kleinen Schlo\u00dfsymbol links oben im Browser und der Verwendung des Schemas https als Teil meiner Internetadresse.<\/p>\n\n\n\n<p><strong>Cookies<\/strong><\/p>\n\n\n\n<p>Meine Website verwendet HTTP-Cookies um nutzerspezifische Daten zu speichern.<br>Ein Cookie ist ein kurzes Datenpaket, welches zwischen Webbrowser und Webserver ausgetauscht wird, f\u00fcr diese aber v\u00f6llig bedeutungslos ist und erst f\u00fcr die Webanwendung, z. B. einen Online-Shop, eine Bedeutung erh\u00e4lt, etwa den Inhalt eines virtuellen Warenkorbes.<\/p>\n\n\n\n<p>Es gibt zwei Arten von Cookies: Erstanbieter-Cookies werden von meiner Website erstellt, Drittanbieter-Cookies werden von anderen Websites (z. B. Google Analytics) erstellt.<br>Man unterscheidet drei Kategorien von Cookies: unbedingt notwendige Cookies um grundlegende Funktionen der Website sicherzustellen, funktionelle Cookies um die Leistung der Webseite sicherzustellen und zielorientierte Cookies um das Benutzererlebnis zu verbessern.<\/p>\n\n\n\n<p>Ich nutze Cookies, um meine Webseite nutzerfreundlicher zu gestalten. Einige Cookies bleiben auf Ihrem Endger\u00e4t gespeichert, bis Sie diese l\u00f6schen. Sie erm\u00f6glichen es mir, Ihren Browser beim n\u00e4chsten Besuch wiederzuerkennen.<\/p>\n\n\n\n<p>Wenn Sie dies nicht w\u00fcnschen, so k\u00f6nnen Sie Ihren Browser so einrichten, dass er Sie \u00fcber das Setzen von Cookies informiert und Sie dies nur im Einzelfall erlauben.<br>Sie k\u00f6nnen jederzeit Cookies, die sich bereits auf Ihrem Computer befinden, l\u00f6schen oder Cookies deaktivieren. Die Vorgangsweise dazu ist nach Browser unterschiedlich, am besten Sie suchen die Anleitung in Google mit dem Suchbegriff \u201cCookies l\u00f6schen Chrome\u201d oder \u201eCookies deaktivieren Chrome\u201c im Falle eines Chrome Browsers oder tauschen das Wort \u201eChrome\u201c gegen den Namen Ihres Browsers, z. B. Edge, Firefox, Safari aus.<br>Wenn Sie mir generell nicht gestatten, Cookies zu nutzen, d.h. diese per Browsereinstellung deaktivieren, k\u00f6nnen manche Funktionen und Seiten nicht wie erwartet funktionieren.<\/p>\n\n\n\n<p><strong>Google Fonts Datenschutzerkl\u00e4rung<\/strong><\/p>\n\n\n\n<p>Ich verwende Google Fonts der Firma Google Inc. (1600 Amphitheatre Parkway Mountain View, CA 94043, USA) auf meiner Webseite. Die Verwendung von Google Fonts erfolgt ohne Authentisierung und es werden keine Cookies and die Google Fonts API gesendet. Sollten Sie ein Konto bei Google haben, werden keine Ihrer Google-Kontodaten an Google w\u00e4hrend der Nutzung von Google Fonts \u00fcbermittelt. Google erfasst lediglich die Nutzung von CSS und der verwendeten Fonts und speichert diese Daten sicher. Mehr zu diesen und weiteren Fragen finden Sie auf&nbsp;<a href=\"https:\/\/developers.google.com\/fonts\/faq\" target=\"_blank\" rel=\"noopener\"><strong>https:\/\/developers.google.com\/fonts\/faq<\/strong><\/a>.<\/p>\n\n\n\n<p>Welche Daten von Google erfasst werden und wof\u00fcr diese Daten verwendet werden, k\u00f6nnen Sie auf&nbsp;<a href=\"https:\/\/www.google.com\/intl\/de\/policies\/privacy\/\" target=\"_blank\" rel=\"noopener\"><strong>https:\/\/www.google.com\/intl\/de\/policies\/privacy\/<\/strong><\/a>&nbsp;nachlesen.<\/p>\n\n\n\n<p><strong>Google Maps Datenschutzerkl\u00e4rung<\/strong><\/p>\n\n\n\n<p>Ich verwende Google Maps der Firma Google Inc. (1600 Amphitheatre Parkway Mountain View, CA 94043, USA) auf meiner Webseite.<\/p>\n\n\n\n<p>Durch die Nutzung der Funktionen dieser Karte werden Daten an Google \u00fcbertragen. Welche Daten von Google erfasst werden und wof\u00fcr diese Daten verwendet werden, k\u00f6nnen Sie auf&nbsp;<a href=\"https:\/\/www.google.com\/intl\/de\/policies\/privacy\/\" target=\"_blank\" rel=\"noopener\"><strong>https:\/\/www.google.com\/intl\/de\/policies\/privacy\/<\/strong><\/a>&nbsp;nachlesen.<\/p>\n\n\n\n<p><strong>Google Analytics Datenschutzerkl\u00e4rung<\/strong><\/p>\n\n\n\n<p>Ich verwende auf dieser Webseite Google Analytics der Firma Google Inc. (1600 Amphitheatre Parkway Mountain View, CA 94043, USA) um Besucherdaten statistisch auszuwerten. Dabei verwendet Google Analytics zielorientierte Cookies.<\/p>\n\n\n\n<p>N\u00e4here Informationen zu Nutzungsbedingungen und Datenschutz finden Sie unter&nbsp;<a href=\"http:\/\/www.google.com\/analytics\/terms\/de.html\" target=\"_blank\" rel=\"noopener\"><strong>http:\/\/www.google.com\/analytics\/terms\/de.html<\/strong><\/a>&nbsp;bzw. unter&nbsp;<a href=\"https:\/\/support.google.com\/analytics\/answer\/6004245?hl=de\" target=\"_blank\" rel=\"noopener\"><strong>https:\/\/support.google.com\/analytics\/answer\/6004245?hl=de<\/strong><\/a>.<\/p>\n\n\n\n<p><strong>Pseudonymisierung<\/strong><\/p>\n\n\n\n<p>Mein Anliegen im Sinne der DSGVO ist die Verbesserung meines Angebotes und meines Webauftritts. Da mir die Privatsph\u00e4re der Nutzer wichtig ist, werden die Nutzerdaten pseudonymisiert.&nbsp;Die Datenverarbeitung erfolgt auf Basis der gesetzlichen Bestimmungen des \u00a7 96 Abs 3 TKG sowie des Art 6 EU-DSGVO Abs 1 lit a (Einwilligung) und\/oder f (berechtigtes Interesse) der DSGVO.<\/p>\n\n\n\n<p><strong>Deaktivierung der Datenerfassung durch Google Analytics<\/strong><\/p>\n\n\n\n<p>Mithilfe des&nbsp;<strong>Browser-Add-ons zur Deaktivierung<\/strong>&nbsp;von Google Analytics-JavaScript (ga.js, analytics.js, dc.js) k\u00f6nnen Website-Besucher verhindern, dass Google Analytics ihre Daten verwendet.<\/p>\n\n\n\n<p>Sie k\u00f6nnen die Erfassung der durch das Cookie erzeugten und auf Ihre Nutzung der Website bezogenen Daten an Google sowie die Verarbeitung dieser Daten durch Google verhindern, indem Sie das unter dem folgenden Link verf\u00fcgbare Browser-Plugin herunterladen und installieren:&nbsp;<a href=\"https:\/\/tools.google.com\/dlpage\/gaoptout?hl=de\" target=\"_blank\" rel=\"noopener\"><strong>https:\/\/tools.google.com\/dlpage\/gaoptout?hl=de<\/strong><\/a><\/p>\n\n\n\n<p><strong>Google Analytics Zusatz zur Datenverarbeitung<\/strong><\/p>\n\n\n\n<p>Ich habe mit Google einen Direktkundenvertrag zur Verwendung von Google Analytics abgeschlossen, indem ich den \u201cZusatz zur Datenverarbeitung\u201d in Google Analytics akzeptiert habe.<\/p>\n\n\n\n<p>Mehr \u00fcber den Zusatz zur Datenverarbeitung f\u00fcr Google Analytics finden Sie hier:&nbsp;<a href=\"https:\/\/support.google.com\/analytics\/answer\/3379636?hl=de&amp;utm_id=ad\" target=\"_blank\" rel=\"noopener\"><strong>https:\/\/support.google.com\/analytics\/answer\/3379636?hl=de&amp;utm_id=ad<\/strong><\/a><\/p>\n\n\n\n<p><strong>Google Analytics IP-Anonymisierung<\/strong><\/p>\n\n\n\n<p>Ich habe auf dieser Webseite die IP-Adressen-Anonymisierung von Google Analytics implementiert.&nbsp;Diese Funktion wurde von Google entwickelt, damit diese Webseite die geltenden Datenschutzbestimmungen und Empfehlungen der lokalen Datenschutzbeh\u00f6rden einhalten kann, wenn diese eine Speicherung der vollst\u00e4ndigen IP-Adresse untersagen. Die Anonymisierung bzw. Maskierung der IP findet statt, sobald die IP-Adressen im Google Analytics-Datenerfassungsnetzwerk eintreffen und bevor eine Speicherung oder Verarbeitung der Daten stattfindet.<\/p>\n\n\n\n<p>Mehr Informationen zur IP-Anonymisierung finden Sie auf&nbsp;<a href=\"https:\/\/support.google.com\/analytics\/answer\/2763052?hl=de\" target=\"_blank\" rel=\"noopener\"><strong>https:\/\/support.google.com\/analytics\/answer\/2763052?hl=de<\/strong><\/a>.<\/p>\n\n\n\n<p><strong>Google Analytics Berichte zu demografischen Merkmalen und Interessen<\/strong><\/p>\n\n\n\n<p>Ich habe in Google Analytics die Funktionen f\u00fcr Werbeberichte eingeschaltet. Die Berichte zu demografischen Merkmalen und Interessen enthalten Angaben zu Alter, Geschlecht und Interessen. Damit kann ich mir \u2013 ohne diese Daten einzelnen Personen zuordnen zu k\u00f6nnen \u2013 ein besseres Bild von meinen Nutzern machen. Mehr \u00fcber die Werbefunktionen erfahren Sie&nbsp;<a href=\"https:\/\/support.google.com\/analytics\/answer\/3450482?hl=de_AT&amp;utm_id=ad\" target=\"_blank\" rel=\"noopener\"><strong>auf&nbsp;<\/strong><\/a><a href=\"https:\/\/support.google.com\/analytics\/answer\/3450482?hl=de_AT&amp;utm_id=ad\" target=\"_blank\" rel=\"noopener\"><strong>https:\/\/support.google.com\/analytics\/answer\/3450482?hl=de_AT&amp;utm_id=ad<\/strong><\/a>.<\/p>\n\n\n\n<p>Sie k\u00f6nnen die Nutzung der Aktivit\u00e4ten und Informationen Ihres Google Kontos unter \u201cEinstellungen f\u00fcr Werbung\u201d auf&nbsp;<a href=\"https:\/\/adssettings.google.com\/authenticated\" target=\"_blank\" rel=\"noopener\"><strong>https:\/\/adssettings.google.com\/authenticated<\/strong><\/a>&nbsp;per Checkbox beenden.<\/p>\n\n\n\n<p><strong>Ihre Rechte \u2013 nochmal verst\u00e4ndlich und in K\u00fcrze<\/strong><\/p>\n\n\n\n<p>Ihnen stehen grunds\u00e4tzlich die Rechte auf Auskunft, Berichtigung, L\u00f6schung, Einschr\u00e4nkung, Daten\u00fcbertragbarkeit, Widerruf und Widerspruch zu (soweit dem keine gesetzliche Aufbewahrungspflicht entgegensteht).<\/p>\n\n\n\n<p>Wenn Sie glauben, dass die Verarbeitung Ihrer Daten gegen das Datenschutzrecht verst\u00f6\u00dft oder Ihre datenschutzrechtlichen Anspr\u00fcche sonst in einer Weise verletzt worden sind, k\u00f6nnen Sie sich bei der Aufsichtsbeh\u00f6rde beschweren. In \u00d6sterreich ist dies die Datenschutzbeh\u00f6rde.<\/p>\n\n\n\n<p><strong>Kontaktdaten:<\/strong><br>Mag. Katharina Dorfi<br>+4367827403<br>office@kanzleidorfi.at<\/p>\n\t\t\t\t\t\t\t\t<\/div>\n\t\t\t\t\t<\/div>\n\t\t\t\t<\/div>\n\t\t\t\t<\/div>","protected":false},"excerpt":{"rendered":"<p>Datenschutz Diese Datenschutzerkl\u00e4rung dient dazu, Ihnen gem\u00e4\u00df den Vorgaben der Datenschutz-Grundverordnung (DSGVO) zu erkl\u00e4ren, welche Informationen ich sammle, wie ich Daten verwende und welche Entscheidungsm\u00f6glichkeiten Sie als Besucher dieser Webseite haben. Kontaktdaten des Verantwortlichen Der Verantwortliche im Sinne der Datenschutz-Grundverordnung und anderer nationaler Datenschutzgesetze der Mitgliedsstaaten sowie sonstiger datenschutzrechtlicher Bestimmungen ist: Mag. Katharina DorfiPlankengasse 21010 [&hellip;]<\/p>\n","protected":false},"author":1,"featured_media":0,"parent":0,"menu_order":0,"comment_status":"closed","ping_status":"closed","template":"","meta":{"iawp_total_views":2,"footnotes":""},"class_list":["post-3","page","type-page","status-publish","hentry"],"blocksy_meta":[],"_links":{"self":[{"href":"https:\/\/www.kanzleidorfi.at\/en\/wp-json\/wp\/v2\/pages\/3","targetHints":{"allow":["GET"]}}],"collection":[{"href":"https:\/\/www.kanzleidorfi.at\/en\/wp-json\/wp\/v2\/pages"}],"about":[{"href":"https:\/\/www.kanzleidorfi.at\/en\/wp-json\/wp\/v2\/types\/page"}],"author":[{"embeddable":true,"href":"https:\/\/www.kanzleidorfi.at\/en\/wp-json\/wp\/v2\/users\/1"}],"replies":[{"embeddable":true,"href":"https:\/\/www.kanzleidorfi.at\/en\/wp-json\/wp\/v2\/comments?post=3"}],"version-history":[{"count":6,"href":"https:\/\/www.kanzleidorfi.at\/en\/wp-json\/wp\/v2\/pages\/3\/revisions"}],"predecessor-version":[{"id":567,"href":"https:\/\/www.kanzleidorfi.at\/en\/wp-json\/wp\/v2\/pages\/3\/revisions\/567"}],"wp:attachment":[{"href":"https:\/\/www.kanzleidorfi.at\/en\/wp-json\/wp\/v2\/media?parent=3"}],"curies":[{"name":"wp","href":"https:\/\/api.w.org\/{rel}","templated":true}]}}